{"id":12,"date":"2012-01-19T22:08:50","date_gmt":"2012-01-19T22:08:50","guid":{"rendered":"http:\/\/www.perijeunesse.com\/blog2\/?page_id=12"},"modified":"2026-03-16T14:58:53","modified_gmt":"2026-03-16T14:58:53","slug":"fonctionnementpresentation","status":"publish","type":"page","link":"https:\/\/www.perijeunesse.com\/blog2\/fonctionnementpresentation\/","title":{"rendered":"Pr\u00e9sentation"},"content":{"rendered":"\n<p>P\u00e9ri&rsquo;Jeunesse est une association loi 1901, cr\u00e9\u00e9e en 2004 par des parents, et soutenue par la commune de P\u00e9rigny. Elle a pour vocation de <strong>cr\u00e9er, organiser et promouvoir toute activit\u00e9 \u00e9ducative et de loisirs en faveur des enfants et des jeunes.<\/strong><\/p>\n\n\n\n<p>P\u00e9ri&rsquo;Jeunesse est g\u00e9r\u00e9 par un Conseil d&rsquo;Administration, compos\u00e9 de parents b\u00e9n\u00e9voles. Le C.A. d\u00e9finit la politique de l\u2019association, les salari\u00e9s la mettent en \u0153uvre et la font vivre au travers d&rsquo;un <a title=\"Projet \u00e9ducatif\" href=\"http:\/\/www.perijeunesse.com\/blog2\/?page_id=43\">projet \u00e9ducatif<\/a> et un <a title=\"Projet p\u00e9dagogique\" href=\"http:\/\/www.perijeunesse.com\/blog2\/?page_id=46\">projet p\u00e9dagogique<\/a> qui en d\u00e9coule, bas\u00e9 sur des notions de respect, d&rsquo;autonomie, d&rsquo;\u00e9panouissement, de d\u00e9mocratie.<\/p>\n\n\n\n<h3 class=\"wp-block-heading\">Le trombinoscope des administrateurs<\/h3>\n\n\n\n<figure class=\"wp-block-image size-large\"><a href=\"https:\/\/www.perijeunesse.com\/blog2\/wp-content\/uploads\/2026\/03\/Trombinoscope-du-CA-2025-2026-maj-9-dec-2025.jpg\"><img decoding=\"async\" loading=\"lazy\" width=\"1024\" height=\"724\" src=\"https:\/\/www.perijeunesse.com\/blog2\/wp-content\/uploads\/2026\/03\/Trombinoscope-du-CA-2025-2026-maj-9-dec-2025-1024x724.jpg\" alt=\"\" class=\"wp-image-7938\" srcset=\"https:\/\/www.perijeunesse.com\/blog2\/wp-content\/uploads\/2026\/03\/Trombinoscope-du-CA-2025-2026-maj-9-dec-2025-1024x724.jpg 1024w, https:\/\/www.perijeunesse.com\/blog2\/wp-content\/uploads\/2026\/03\/Trombinoscope-du-CA-2025-2026-maj-9-dec-2025-300x212.jpg 300w, https:\/\/www.perijeunesse.com\/blog2\/wp-content\/uploads\/2026\/03\/Trombinoscope-du-CA-2025-2026-maj-9-dec-2025-768x543.jpg 768w, https:\/\/www.perijeunesse.com\/blog2\/wp-content\/uploads\/2026\/03\/Trombinoscope-du-CA-2025-2026-maj-9-dec-2025-1536x1086.jpg 1536w, https:\/\/www.perijeunesse.com\/blog2\/wp-content\/uploads\/2026\/03\/Trombinoscope-du-CA-2025-2026-maj-9-dec-2025.jpg 2000w\" sizes=\"(max-width: 1024px) 100vw, 1024px\" \/><\/a><\/figure>\n\n\n\n<p><\/p>\n","protected":false},"excerpt":{"rendered":"<p>P\u00e9ri&rsquo;Jeunesse est une association loi 1901, cr\u00e9\u00e9e en 2004 par des parents, et soutenue par la commune de P\u00e9rigny. Elle a pour vocation de cr\u00e9er, organiser et promouvoir toute activit\u00e9 \u00e9ducative et de loisirs en faveur des enfants et des &hellip; <a class=\"more-link\" href=\"https:\/\/www.perijeunesse.com\/blog2\/fonctionnementpresentation\/\">Lire la suite <span class=\"meta-nav\">&rarr;<\/span><\/a><\/p>\n","protected":false},"author":1,"featured_media":0,"parent":0,"menu_order":1,"comment_status":"closed","ping_status":"closed","template":"","meta":[],"_links":{"self":[{"href":"https:\/\/www.perijeunesse.com\/blog2\/wp-json\/wp\/v2\/pages\/12"}],"collection":[{"href":"https:\/\/www.perijeunesse.com\/blog2\/wp-json\/wp\/v2\/pages"}],"about":[{"href":"https:\/\/www.perijeunesse.com\/blog2\/wp-json\/wp\/v2\/types\/page"}],"author":[{"embeddable":true,"href":"https:\/\/www.perijeunesse.com\/blog2\/wp-json\/wp\/v2\/users\/1"}],"replies":[{"embeddable":true,"href":"https:\/\/www.perijeunesse.com\/blog2\/wp-json\/wp\/v2\/comments?post=12"}],"version-history":[{"count":57,"href":"https:\/\/www.perijeunesse.com\/blog2\/wp-json\/wp\/v2\/pages\/12\/revisions"}],"predecessor-version":[{"id":7942,"href":"https:\/\/www.perijeunesse.com\/blog2\/wp-json\/wp\/v2\/pages\/12\/revisions\/7942"}],"wp:attachment":[{"href":"https:\/\/www.perijeunesse.com\/blog2\/wp-json\/wp\/v2\/media?parent=12"}],"curies":[{"name":"wp","href":"https:\/\/api.w.org\/{rel}","templated":true}]}}