{"id":6766,"date":"2020-06-10T12:23:08","date_gmt":"2020-06-10T12:23:08","guid":{"rendered":"http:\/\/www.perijeunesse.com\/blog2\/?page_id=6766"},"modified":"2024-06-27T14:58:11","modified_gmt":"2024-06-27T14:58:11","slug":"portail-famille","status":"publish","type":"page","link":"https:\/\/www.perijeunesse.com\/blog2\/portail-famille\/","title":{"rendered":"Portail famille Pirouette"},"content":{"rendered":"\n<figure class=\"wp-block-image size-full\"><a href=\"https:\/\/www.perijeunesse.com\/blog2\/wp-content\/uploads\/2023\/12\/Pirouette.png\"><img decoding=\"async\" loading=\"lazy\" width=\"254\" height=\"198\" src=\"https:\/\/www.perijeunesse.com\/blog2\/wp-content\/uploads\/2023\/12\/Pirouette.png\" alt=\"\" class=\"wp-image-7618\"\/><\/a><\/figure>\n\n\n\n<p class=\"has-text-align-center\">Pour acc\u00e9der au portail famille cliquer sur le lien ci-dessous:<\/p>\n\n\n\n<p class=\"has-text-align-center\" style=\"font-size:33px\"><a href=\" https:\/\/perijeunesse.pirouette.app\/\"><strong> https:\/\/perijeunesse.pirouette.app\/<\/strong><\/a><\/p>\n\n\n\n<p><\/p>\n\n\n\n<p class=\"has-text-align-center\">&#8212;&#8212;&#8212;&#8212;&#8212;&#8212;&#8212;&#8212;&#8212;&#8212;&#8212;&#8212;&#8212;&#8212;&#8212;&#8212;&#8212;&#8212;&#8212;&#8212;&#8212;&#8212;&#8212;&#8212;<\/p>\n\n\n\n<p>Vous trouvez ci-joint le guide et \u00e9galement 2 petits tutos pour vous expliquer comment faire un raccourci sur votre t\u00e9l\u00e9phone vers le portail famille.<\/p>\n\n\n\n<p><\/p>\n\n\n\n<p>Le guide pour l&rsquo;utilisation du portail famille pirouette :<\/p>\n\n\n\n<p><a href=\"https:\/\/www.perijeunesse.com\/blog2\/wp-content\/uploads\/2023\/12\/utilisation-portail-famille.pdf\">https:\/\/www.perijeunesse.com\/blog2\/wp-content\/uploads\/2023\/12\/utilisation-portail-famille.pdf<\/a><\/p>\n\n\n\n<p>Cr\u00e9er une ic\u00f4ne pirouette sur andro\u00efd :<\/p>\n\n\n\n<p><a href=\"https:\/\/www.perijeunesse.com\/blog2\/wp-content\/uploads\/2023\/12\/creer-une-icone-pirouette-android.pdf\">https:\/\/www.perijeunesse.com\/blog2\/wp-content\/uploads\/2023\/12\/creer-une-icone-pirouette-android.pdf<\/a><\/p>\n\n\n\n<p>Cr\u00e9er une ic\u00f4ne pirouette sur iphone ou ipad :<\/p>\n\n\n\n<p><a href=\"https:\/\/www.perijeunesse.com\/blog2\/wp-content\/uploads\/2023\/12\/creer-une-icone-pirouette-iphone-ipad.pdf\">https:\/\/www.perijeunesse.com\/blog2\/wp-content\/uploads\/2023\/12\/creer-une-icone-pirouette-iphone-ipad.pdf<\/a><\/p>\n\n\n\n<p>Informations pratiques :<\/p>\n\n\n\n<p><a href=\"https:\/\/www.perijeunesse.com\/blog2\/wp-content\/uploads\/2023\/12\/perijeunesse_20231208_174640.pdf\">https:\/\/www.perijeunesse.com\/blog2\/wp-content\/uploads\/2023\/12\/perijeunesse_20231208_174640.pdf<\/a><\/p>\n","protected":false},"excerpt":{"rendered":"<p>Pour acc\u00e9der au portail famille cliquer sur le lien ci-dessous: https:\/\/perijeunesse.pirouette.app\/ &#8212;&#8212;&#8212;&#8212;&#8212;&#8212;&#8212;&#8212;&#8212;&#8212;&#8212;&#8212;&#8212;&#8212;&#8212;&#8212;&#8212;&#8212;&#8212;&#8212;&#8212;&#8212;&#8212;&#8212; Vous trouvez ci-joint le guide et \u00e9galement 2 petits tutos pour vous expliquer comment faire un raccourci sur votre t\u00e9l\u00e9phone vers le portail famille. Le guide pour l&rsquo;utilisation &hellip; <a class=\"more-link\" href=\"https:\/\/www.perijeunesse.com\/blog2\/portail-famille\/\">Lire la suite <span class=\"meta-nav\">&rarr;<\/span><\/a><\/p>\n","protected":false},"author":8,"featured_media":0,"parent":0,"menu_order":3,"comment_status":"closed","ping_status":"closed","template":"","meta":[],"_links":{"self":[{"href":"https:\/\/www.perijeunesse.com\/blog2\/wp-json\/wp\/v2\/pages\/6766"}],"collection":[{"href":"https:\/\/www.perijeunesse.com\/blog2\/wp-json\/wp\/v2\/pages"}],"about":[{"href":"https:\/\/www.perijeunesse.com\/blog2\/wp-json\/wp\/v2\/types\/page"}],"author":[{"embeddable":true,"href":"https:\/\/www.perijeunesse.com\/blog2\/wp-json\/wp\/v2\/users\/8"}],"replies":[{"embeddable":true,"href":"https:\/\/www.perijeunesse.com\/blog2\/wp-json\/wp\/v2\/comments?post=6766"}],"version-history":[{"count":22,"href":"https:\/\/www.perijeunesse.com\/blog2\/wp-json\/wp\/v2\/pages\/6766\/revisions"}],"predecessor-version":[{"id":7703,"href":"https:\/\/www.perijeunesse.com\/blog2\/wp-json\/wp\/v2\/pages\/6766\/revisions\/7703"}],"wp:attachment":[{"href":"https:\/\/www.perijeunesse.com\/blog2\/wp-json\/wp\/v2\/media?parent=6766"}],"curies":[{"name":"wp","href":"https:\/\/api.w.org\/{rel}","templated":true}]}}